{"id":763,"date":"2021-12-07T10:07:45","date_gmt":"2021-12-07T15:07:45","guid":{"rendered":"https:\/\/events.hardscaper.com\/concours-de-photos\/"},"modified":"2022-01-12T11:12:23","modified_gmt":"2022-01-12T16:12:23","slug":"temple-de-la-renommee","status":"publish","type":"page","link":"https:\/\/events.hardscaper.com\/fr\/temple-de-la-renommee\/","title":{"rendered":"temple de la renomm\u00e9e"},"content":{"rendered":"\t\t<div data-elementor-type=\"wp-page\" data-elementor-id=\"763\" class=\"elementor elementor-763 elementor-674\" data-elementor-settings=\"{&quot;ha_cmc_init_switcher&quot;:&quot;no&quot;}\" data-elementor-post-type=\"page\">\n\t\t\t\t\t\t<section class=\"elementor-section elementor-top-section elementor-element elementor-element-8f5d706 elementor-section-boxed elementor-section-height-default elementor-section-height-default\" data-id=\"8f5d706\" data-element_type=\"section\" data-settings=\"{&quot;_ha_eqh_enable&quot;:false}\">\n\t\t\t\t\t\t<div class=\"elementor-container elementor-column-gap-default\">\n\t\t\t\t\t<div class=\"elementor-column elementor-col-100 elementor-top-column elementor-element elementor-element-455dfe1\" data-id=\"455dfe1\" data-element_type=\"column\">\n\t\t\t<div class=\"elementor-widget-wrap elementor-element-populated\">\n\t\t\t\t\t\t<div class=\"elementor-element elementor-element-19f76fd elementor-widget elementor-widget-spacer\" data-id=\"19f76fd\" data-element_type=\"widget\" data-widget_type=\"spacer.default\">\n\t\t\t\t<div class=\"elementor-widget-container\">\n\t\t\t\t\t\t\t<div class=\"elementor-spacer\">\n\t\t\t<div class=\"elementor-spacer-inner\"><\/div>\n\t\t<\/div>\n\t\t\t\t\t\t<\/div>\n\t\t\t\t<\/div>\n\t\t\t\t<div class=\"elementor-element elementor-element-a1739b0 elementor-widget elementor-widget-heading\" data-id=\"a1739b0\" data-element_type=\"widget\" data-widget_type=\"heading.default\">\n\t\t\t\t<div class=\"elementor-widget-container\">\n\t\t\t\t\t<h1 class=\"elementor-heading-title elementor-size-default\">Montrez-nous vos talents! <\/h1>\t\t\t\t<\/div>\n\t\t\t\t<\/div>\n\t\t\t\t<div class=\"elementor-element elementor-element-f9ff708 elementor-widget elementor-widget-text-editor\" data-id=\"f9ff708\" data-element_type=\"widget\" data-widget_type=\"text-editor.default\">\n\t\t\t\t<div class=\"elementor-widget-container\">\n\t\t\t\t\t\t\t\t\t<p>Participez \u00e0 ces activit\u00e9s amusantes qui am\u00e9lioreront votre exp\u00e9rience \u00e0 l\u2019\u00e9v\u00e9nement en ajoutant une photo du projet Techo-Bloc 2021 dont vous \u00eates le plus fier dans notre galerie.<\/p><p>En participant, votre photo sera mise en \u00e9vidence (ou expos\u00e9e) lors de l&rsquo;\u00e9v\u00e9nement.<\/p><p>Mais ne vous arr\u00eatez pas l\u00e0 ! F\u00e9licitez vos coll\u00e8gues entrepreneurs en aimant leurs photos.<\/p><p>\u00a0<\/p><p><span style=\"font-size: 12px;\">*Notez que seules les photos \u00e0 haute r\u00e9solution pourront \u00eatre affich\u00e9es lors des \u00e9v\u00e9nements. En soumettant votre photo, vous autorisez Techo-Bloc Inc \u00e0 utiliser votre image \u00e0 des fins promotionnelles qui peuvent aller au-del\u00e0 des \u00e9v\u00e9nements de l\u2019Expo Hardscaper.<\/span><\/p>\t\t\t\t\t\t\t\t<\/div>\n\t\t\t\t<\/div>\n\t\t\t\t<div class=\"elementor-element elementor-element-29f261c elementor-widget elementor-widget-shortcode\" data-id=\"29f261c\" data-element_type=\"widget\" data-widget_type=\"shortcode.default\">\n\t\t\t\t<div class=\"elementor-widget-container\">\n\t\t\t\t\t\t\t<div class=\"elementor-shortcode\">[cg_gallery id=\"2\"]<\/div>\n\t\t\t\t\t\t<\/div>\n\t\t\t\t<\/div>\n\t\t\t\t\t<\/div>\n\t\t<\/div>\n\t\t\t\t\t<\/div>\n\t\t<\/section>\n\t\t\t\t<section class=\"elementor-section elementor-top-section elementor-element elementor-element-84ece9c elementor-section-boxed elementor-section-height-default elementor-section-height-default\" data-id=\"84ece9c\" data-element_type=\"section\" data-settings=\"{&quot;_ha_eqh_enable&quot;:false}\">\n\t\t\t\t\t\t<div class=\"elementor-container elementor-column-gap-default\">\n\t\t\t\t\t<div class=\"elementor-column elementor-col-100 elementor-top-column elementor-element elementor-element-f7c0895\" data-id=\"f7c0895\" data-element_type=\"column\">\n\t\t\t<div class=\"elementor-widget-wrap\">\n\t\t\t\t\t\t\t<\/div>\n\t\t<\/div>\n\t\t\t\t\t<\/div>\n\t\t<\/section>\n\t\t\t\t<section class=\"elementor-section elementor-top-section elementor-element elementor-element-9fd7fd0 elementor-section-boxed elementor-section-height-default elementor-section-height-default\" data-id=\"9fd7fd0\" data-element_type=\"section\" data-settings=\"{&quot;_ha_eqh_enable&quot;:false}\">\n\t\t\t\t\t\t<div class=\"elementor-container elementor-column-gap-default\">\n\t\t\t\t\t<div class=\"elementor-column elementor-col-100 elementor-top-column elementor-element elementor-element-8adfd7f\" data-id=\"8adfd7f\" data-element_type=\"column\">\n\t\t\t<div class=\"elementor-widget-wrap elementor-element-populated\">\n\t\t\t\t\t\t<div class=\"elementor-element elementor-element-8d43673 elementor-align-center elementor-widget elementor-widget-button\" data-id=\"8d43673\" data-element_type=\"widget\" data-widget_type=\"button.default\">\n\t\t\t\t<div class=\"elementor-widget-container\">\n\t\t\t\t\t\t\t\t\t<div class=\"elementor-button-wrapper\">\n\t\t\t\t\t<a class=\"elementor-button elementor-button-link elementor-size-lg\" href=\"https:\/\/events.hardscaper.com\/fr\/questions-et-reponses\/\">\n\t\t\t\t\t\t<span class=\"elementor-button-content-wrapper\">\n\t\t\t\t\t\t\t\t\t<span class=\"elementor-button-text\">Poser une question<\/span>\n\t\t\t\t\t<\/span>\n\t\t\t\t\t<\/a>\n\t\t\t\t<\/div>\n\t\t\t\t\t\t\t\t<\/div>\n\t\t\t\t<\/div>\n\t\t\t\t<div class=\"elementor-element elementor-element-a091eb4 elementor-widget elementor-widget-spacer\" data-id=\"a091eb4\" data-element_type=\"widget\" data-widget_type=\"spacer.default\">\n\t\t\t\t<div class=\"elementor-widget-container\">\n\t\t\t\t\t\t\t<div class=\"elementor-spacer\">\n\t\t\t<div class=\"elementor-spacer-inner\"><\/div>\n\t\t<\/div>\n\t\t\t\t\t\t<\/div>\n\t\t\t\t<\/div>\n\t\t\t\t\t<\/div>\n\t\t<\/div>\n\t\t\t\t\t<\/div>\n\t\t<\/section>\n\t\t\t\t<section class=\"elementor-section elementor-top-section elementor-element elementor-element-f77eb9c elementor-section-boxed elementor-section-height-default elementor-section-height-default\" data-id=\"f77eb9c\" data-element_type=\"section\" data-settings=\"{&quot;_ha_eqh_enable&quot;:false}\">\n\t\t\t\t\t\t<div class=\"elementor-container elementor-column-gap-default\">\n\t\t\t\t\t<div class=\"elementor-column elementor-col-100 elementor-top-column elementor-element elementor-element-f767b4b\" data-id=\"f767b4b\" data-element_type=\"column\">\n\t\t\t<div class=\"elementor-widget-wrap\">\n\t\t\t\t\t\t\t<\/div>\n\t\t<\/div>\n\t\t\t\t\t<\/div>\n\t\t<\/section>\n\t\t\t\t<section class=\"elementor-section elementor-top-section elementor-element elementor-element-184cbb6 elementor-section-boxed elementor-section-height-default elementor-section-height-default\" data-id=\"184cbb6\" data-element_type=\"section\" data-settings=\"{&quot;_ha_eqh_enable&quot;:false}\">\n\t\t\t\t\t\t<div class=\"elementor-container elementor-column-gap-default\">\n\t\t\t\t\t<div class=\"elementor-column elementor-col-100 elementor-top-column elementor-element elementor-element-f8ead57\" data-id=\"f8ead57\" data-element_type=\"column\">\n\t\t\t<div class=\"elementor-widget-wrap elementor-element-populated\">\n\t\t\t\t\t\t<div class=\"elementor-element elementor-element-ed050e1 elementor-widget elementor-widget-heading\" data-id=\"ed050e1\" data-element_type=\"widget\" data-widget_type=\"heading.default\">\n\t\t\t\t<div class=\"elementor-widget-container\">\n\t\t\t\t\t<h1 class=\"elementor-heading-title elementor-size-default\"><a href=\"https:\/\/events.hardscaper.com\/fr\/\">Vous n'\u00eates pas encore inscrit \u00e0 votre \u00e9v\u00e9nement? Inscrivez-vous aujourd'hui. <\/a><\/h1>\t\t\t\t<\/div>\n\t\t\t\t<\/div>\n\t\t\t\t<div class=\"elementor-element elementor-element-17cd92d elementor-widget elementor-widget-spacer\" data-id=\"17cd92d\" data-element_type=\"widget\" data-widget_type=\"spacer.default\">\n\t\t\t\t<div class=\"elementor-widget-container\">\n\t\t\t\t\t\t\t<div class=\"elementor-spacer\">\n\t\t\t<div class=\"elementor-spacer-inner\"><\/div>\n\t\t<\/div>\n\t\t\t\t\t\t<\/div>\n\t\t\t\t<\/div>\n\t\t\t\t\t<\/div>\n\t\t<\/div>\n\t\t\t\t\t<\/div>\n\t\t<\/section>\n\t\t\t\t<\/div>\n\t\t","protected":false},"excerpt":{"rendered":"<p>Montrez-nous vos talents! Participez \u00e0 ces activit\u00e9s amusantes qui am\u00e9lioreront votre exp\u00e9rience \u00e0 l\u2019\u00e9v\u00e9nement en ajoutant une photo du projet Techo-Bloc 2021 dont vous \u00eates&hellip;<\/p>\n","protected":false},"author":9339,"featured_media":0,"parent":0,"menu_order":0,"comment_status":"closed","ping_status":"closed","template":"","meta":{"content-type":"","inline_featured_image":false,"footnotes":""},"class_list":["post-763","page","type-page","status-publish","hentry"],"aioseo_notices":[],"featured_image_src":null,"featured_image_src_square":null,"_links":{"self":[{"href":"https:\/\/events.hardscaper.com\/fr\/wp-json\/wp\/v2\/pages\/763","targetHints":{"allow":["GET"]}}],"collection":[{"href":"https:\/\/events.hardscaper.com\/fr\/wp-json\/wp\/v2\/pages"}],"about":[{"href":"https:\/\/events.hardscaper.com\/fr\/wp-json\/wp\/v2\/types\/page"}],"author":[{"embeddable":true,"href":"https:\/\/events.hardscaper.com\/fr\/wp-json\/wp\/v2\/users\/9339"}],"replies":[{"embeddable":true,"href":"https:\/\/events.hardscaper.com\/fr\/wp-json\/wp\/v2\/comments?post=763"}],"version-history":[{"count":0,"href":"https:\/\/events.hardscaper.com\/fr\/wp-json\/wp\/v2\/pages\/763\/revisions"}],"wp:attachment":[{"href":"https:\/\/events.hardscaper.com\/fr\/wp-json\/wp\/v2\/media?parent=763"}],"curies":[{"name":"wp","href":"https:\/\/api.w.org\/{rel}","templated":true}]}}